{"id":3676,"date":"2021-07-07T18:48:52","date_gmt":"2021-07-07T16:48:52","guid":{"rendered":"http:\/\/www.patriziovagelli.com\/pv\/?page_id=3676"},"modified":"2022-08-26T13:33:15","modified_gmt":"2022-08-26T11:33:15","slug":"biografia","status":"publish","type":"page","link":"https:\/\/www.patriziovagelli.com\/pv\/biografia\/","title":{"rendered":"BIOGRAFIA"},"content":{"rendered":"<p style=\"text-align: left;\"><img loading=\"lazy\" decoding=\"async\" class=\"alignleft wp-image-4335 \" src=\"https:\/\/www.patriziovagelli.com\/pv\/wp-content\/uploads\/2022\/08\/photo_2022-08-24-11.55.20-199x300.jpeg\" alt=\"\" width=\"291\" height=\"439\" srcset=\"https:\/\/www.patriziovagelli.com\/pv\/wp-content\/uploads\/2022\/08\/photo_2022-08-24-11.55.20-199x300.jpeg 199w, https:\/\/www.patriziovagelli.com\/pv\/wp-content\/uploads\/2022\/08\/photo_2022-08-24-11.55.20-681x1024.jpeg 681w, https:\/\/www.patriziovagelli.com\/pv\/wp-content\/uploads\/2022\/08\/photo_2022-08-24-11.55.20-768x1155.jpeg 768w, https:\/\/www.patriziovagelli.com\/pv\/wp-content\/uploads\/2022\/08\/photo_2022-08-24-11.55.20-706x1062.jpeg 706w, https:\/\/www.patriziovagelli.com\/pv\/wp-content\/uploads\/2022\/08\/photo_2022-08-24-11.55.20.jpeg 851w\" sizes=\"auto, (max-width: 291px) 100vw, 291px\" \/>Ciao a tutti e benvenuti nel mio sito. Mi chiamo Patrizio Vagelli, sono nato e cresciuto in un paese in provincia di Modena, nel Luglio del 1969. Attualmente vivo a Milano, da dove \u00e8 nata la mia passione per la barba. Ho iniziato a farmela crescere nel Febbraio del 2014, quando si diffuse una vera e propria &#8220;moda&#8221; in tutto il Nord Italia. Navigando in internet, ho notato e cominciato ad apprezzare diversi modelli, i quali portavano la barba con differenti lunghezze e linee, tra cui il pi\u00f9 famoso Ricki Hall. L&#8217;amore \u00e8 stato immediato, e grazie anche ai consigli del mio Amico nonch\u00e9 Curatore d&#8217;Immagine e Tuttologo Francesco Pietro Pezzucchi, il quale mi ha ispirato a trasformare questo modello di vita in una vera e propria PASSIONE, ho intrapreso cos\u00ec la strada del vero BARBUTO, andando alla ricerca di un &#8220;barber&#8221;. Inizialmente ho frequentato per un periodo di tempo &#8220;Bullfrog&#8221; a Milano, per poi conoscere colui che \u00e8 il mio attuale BARBIERE di fiducia: Francesco Cirignotta, il quale ha dato vita, linea e profondit\u00e0 alla mia barba, caratteristiche fondamentali per averla sempre al TOP.<\/p>\n<p><img loading=\"lazy\" decoding=\"async\" class=\"alignnone size-medium wp-image-4400\" src=\"https:\/\/www.patriziovagelli.com\/pv\/wp-content\/uploads\/2022\/08\/photo_2022-08-26-13.30.10-240x300.jpeg\" alt=\"\" width=\"240\" height=\"300\" srcset=\"https:\/\/www.patriziovagelli.com\/pv\/wp-content\/uploads\/2022\/08\/photo_2022-08-26-13.30.10-240x300.jpeg 240w, https:\/\/www.patriziovagelli.com\/pv\/wp-content\/uploads\/2022\/08\/photo_2022-08-26-13.30.10-820x1024.jpeg 820w, https:\/\/www.patriziovagelli.com\/pv\/wp-content\/uploads\/2022\/08\/photo_2022-08-26-13.30.10-768x959.jpeg 768w, https:\/\/www.patriziovagelli.com\/pv\/wp-content\/uploads\/2022\/08\/photo_2022-08-26-13.30.10.jpeg 1025w\" sizes=\"auto, (max-width: 240px) 100vw, 240px\" \/> <img loading=\"lazy\" decoding=\"async\" class=\"alignnone size-medium wp-image-4401\" src=\"https:\/\/www.patriziovagelli.com\/pv\/wp-content\/uploads\/2022\/08\/photo_2022-08-26-13.29.51-225x300.jpeg\" alt=\"\" width=\"225\" height=\"300\" srcset=\"https:\/\/www.patriziovagelli.com\/pv\/wp-content\/uploads\/2022\/08\/photo_2022-08-26-13.29.51-225x300.jpeg 225w, https:\/\/www.patriziovagelli.com\/pv\/wp-content\/uploads\/2022\/08\/photo_2022-08-26-13.29.51.jpeg 720w\" sizes=\"auto, (max-width: 225px) 100vw, 225px\" \/> <img loading=\"lazy\" decoding=\"async\" class=\"alignnone size-medium wp-image-4402\" src=\"https:\/\/www.patriziovagelli.com\/pv\/wp-content\/uploads\/2022\/08\/photo_2022-08-26-13.29.48-300x200.jpeg\" alt=\"\" width=\"300\" height=\"200\" srcset=\"https:\/\/www.patriziovagelli.com\/pv\/wp-content\/uploads\/2022\/08\/photo_2022-08-26-13.29.48-300x200.jpeg 300w, https:\/\/www.patriziovagelli.com\/pv\/wp-content\/uploads\/2022\/08\/photo_2022-08-26-13.29.48-768x511.jpeg 768w, https:\/\/www.patriziovagelli.com\/pv\/wp-content\/uploads\/2022\/08\/photo_2022-08-26-13.29.48.jpeg 960w\" sizes=\"auto, (max-width: 300px) 100vw, 300px\" \/> <img loading=\"lazy\" decoding=\"async\" class=\"alignnone size-medium wp-image-4403\" src=\"https:\/\/www.patriziovagelli.com\/pv\/wp-content\/uploads\/2022\/08\/photo_2022-08-26-13.29.47-300x200.jpeg\" alt=\"\" width=\"300\" height=\"200\" srcset=\"https:\/\/www.patriziovagelli.com\/pv\/wp-content\/uploads\/2022\/08\/photo_2022-08-26-13.29.47-300x200.jpeg 300w, https:\/\/www.patriziovagelli.com\/pv\/wp-content\/uploads\/2022\/08\/photo_2022-08-26-13.29.47-768x512.jpeg 768w, https:\/\/www.patriziovagelli.com\/pv\/wp-content\/uploads\/2022\/08\/photo_2022-08-26-13.29.47.jpeg 960w\" sizes=\"auto, (max-width: 300px) 100vw, 300px\" \/> <img loading=\"lazy\" decoding=\"async\" class=\"alignnone size-medium wp-image-4404\" src=\"https:\/\/www.patriziovagelli.com\/pv\/wp-content\/uploads\/2022\/08\/photo_2022-08-26-13.29.42-200x300.jpeg\" alt=\"\" width=\"200\" height=\"300\" srcset=\"https:\/\/www.patriziovagelli.com\/pv\/wp-content\/uploads\/2022\/08\/photo_2022-08-26-13.29.42-200x300.jpeg 200w, https:\/\/www.patriziovagelli.com\/pv\/wp-content\/uploads\/2022\/08\/photo_2022-08-26-13.29.42.jpeg 640w\" sizes=\"auto, (max-width: 200px) 100vw, 200px\" \/> <img loading=\"lazy\" decoding=\"async\" class=\"alignnone size-medium wp-image-4405\" src=\"https:\/\/www.patriziovagelli.com\/pv\/wp-content\/uploads\/2022\/08\/photo_2022-08-26-13.29.37-200x300.jpeg\" alt=\"\" width=\"200\" height=\"300\" srcset=\"https:\/\/www.patriziovagelli.com\/pv\/wp-content\/uploads\/2022\/08\/photo_2022-08-26-13.29.37-200x300.jpeg 200w, https:\/\/www.patriziovagelli.com\/pv\/wp-content\/uploads\/2022\/08\/photo_2022-08-26-13.29.37.jpeg 640w\" sizes=\"auto, (max-width: 200px) 100vw, 200px\" \/><\/p>\n","protected":false},"excerpt":{"rendered":"<p>Ciao a tutti e benvenuti nel mio sito. Mi chiamo Patrizio Vagelli, sono nato e cresciuto in un paese in provincia di Modena, nel Luglio del 1969. Attualmente vivo a&#8230; <a class=\"read-more\" href=\"https:\/\/www.patriziovagelli.com\/pv\/biografia\/\">[Continua a leggere]<\/a><\/p>\n","protected":false},"author":1,"featured_media":0,"parent":0,"menu_order":0,"comment_status":"closed","ping_status":"closed","template":"","meta":{"footnotes":""},"class_list":["post-3676","page","type-page","status-publish","hentry","no-post-thumbnail"],"_links":{"self":[{"href":"https:\/\/www.patriziovagelli.com\/pv\/wp-json\/wp\/v2\/pages\/3676","targetHints":{"allow":["GET"]}}],"collection":[{"href":"https:\/\/www.patriziovagelli.com\/pv\/wp-json\/wp\/v2\/pages"}],"about":[{"href":"https:\/\/www.patriziovagelli.com\/pv\/wp-json\/wp\/v2\/types\/page"}],"author":[{"embeddable":true,"href":"https:\/\/www.patriziovagelli.com\/pv\/wp-json\/wp\/v2\/users\/1"}],"replies":[{"embeddable":true,"href":"https:\/\/www.patriziovagelli.com\/pv\/wp-json\/wp\/v2\/comments?post=3676"}],"version-history":[{"count":10,"href":"https:\/\/www.patriziovagelli.com\/pv\/wp-json\/wp\/v2\/pages\/3676\/revisions"}],"predecessor-version":[{"id":4408,"href":"https:\/\/www.patriziovagelli.com\/pv\/wp-json\/wp\/v2\/pages\/3676\/revisions\/4408"}],"wp:attachment":[{"href":"https:\/\/www.patriziovagelli.com\/pv\/wp-json\/wp\/v2\/media?parent=3676"}],"curies":[{"name":"wp","href":"https:\/\/api.w.org\/{rel}","templated":true}]}}